{"id":7407,"date":"2022-09-17T17:31:04","date_gmt":"2022-09-17T15:31:04","guid":{"rendered":"https:\/\/searchsolutions.ch\/?page_id=7407"},"modified":"2024-09-11T10:32:49","modified_gmt":"2024-09-11T08:32:49","slug":"mentions-legales","status":"publish","type":"page","link":"https:\/\/searchsolutions.ch\/fr\/impressum\/","title":{"rendered":"Mentions l\u00e9gales"},"content":{"rendered":"<div data-elementor-type=\"wp-page\" data-elementor-id=\"7407\" class=\"elementor elementor-7407\" data-elementor-post-type=\"page\">\n\t\t\t\t\t\t<section class=\"elementor-section elementor-top-section elementor-element elementor-element-45fc75ca qodef_elementor_container_inner elementor-section-boxed elementor-section-height-default elementor-section-height-default parallax_section_no\" data-id=\"45fc75ca\" data-element_type=\"section\" data-e-type=\"section\">\n\t\t\t\t\t\t<div class=\"elementor-container elementor-column-gap-default\">\n\t\t\t\t\t<div class=\"elementor-column elementor-col-100 elementor-top-column elementor-element elementor-element-7ab0fcc5\" data-id=\"7ab0fcc5\" data-element_type=\"column\" data-e-type=\"column\">\n\t\t\t<div class=\"elementor-widget-wrap elementor-element-populated\">\n\t\t\t\t\t\t<div class=\"elementor-element elementor-element-2b2f157 elementor-widget elementor-widget-text-editor\" data-id=\"2b2f157\" data-element_type=\"widget\" data-e-type=\"widget\" data-widget_type=\"text-editor.default\">\n\t\t\t\t<div class=\"elementor-widget-container\">\n\t\t\t\t\t\t\t\t\t<h2 style=\"text-align: center;\">Mentions l\u00e9gales<\/h2>\t\t\t\t\t\t\t\t<\/div>\n\t\t\t\t<\/div>\n\t\t\t\t<div class=\"elementor-element elementor-element-33f0e75 elementor-widget elementor-widget-text-editor\" data-id=\"33f0e75\" data-element_type=\"widget\" data-e-type=\"widget\" data-widget_type=\"text-editor.default\">\n\t\t\t\t<div class=\"elementor-widget-container\">\n\t\t\t\t\t\t\t\t\t<p><strong><i>Adresse de contact<\/i><\/strong><\/p><p>S-Solutions GmbH<br\/>Biberenzelgli 18<br\/>3210 Chi\u00e8tres<br\/>Suisse<\/p><p>Courrier \u00e9lectronique :<br\/>info@searchsolutions.ch<\/p><br\/><br\/><p><strong><i>Personne(s) habilit\u00e9e(s) \u00e0 repr\u00e9senter l'association<\/i><\/strong><\/p>Loris Gross, directeur g\u00e9n\u00e9ral<br\/>Fabio Hayoz, directeur g\u00e9n\u00e9ral<br\/>Dominic Krainer, directeur g\u00e9n\u00e9ral<br\/><br\/><p><strong><i>Inscription au registre du commerce<\/i><\/strong><\/p>Nom de l'entreprise enregistr\u00e9e :<br\/><strong>S-Solutions GmbH<\/strong><br\/><br\/>Num\u00e9ro d'identification de l'entreprise (UID) :<br\/><strong>CHE-394.133.035<\/strong><br\/><br\/><p>Num\u00e9ro de TVA<br\/><strong>CHE-394.133.035 TVA<\/strong><br\/><br\/><br\/><p><strong><i>Clause de non-responsabilit\u00e9<\/i><\/strong><\/p>L'auteur n'assume aucune responsabilit\u00e9 quant \u00e0 la v\u00e9racit\u00e9, l'exactitude, l'actualit\u00e9, la fiabilit\u00e9 et l'exhaustivit\u00e9 du contenu des informations.<\/p><p>L'auteur ne saurait \u00eatre tenu pour responsable des dommages mat\u00e9riels ou immat\u00e9riels qui pourraient \u00eatre caus\u00e9s par l'acc\u00e8s aux informations diffus\u00e9es ou par leur utilisation ou non-utilisation, par le mauvais usage de la connexion ou par des probl\u00e8mes techniques.<\/p><p>Toutes les offres sont sans engagement. L'auteur se r\u00e9serve express\u00e9ment le droit de modifier, de compl\u00e9ter ou de supprimer des parties de pages ou l'ensemble de l'offre sans pr\u00e9avis particulier, ou d'en suspendre temporairement ou d\u00e9finitivement la publication.<\/p><br\/><br\/><p><strong><i>Clause de non-responsabilit\u00e9 pour les liens<\/i><\/strong><\/p><p>Les renvois et liens vers des sites web de tiers ne rel\u00e8vent pas de notre responsabilit\u00e9. Nous d\u00e9clinons toute responsabilit\u00e9 pour de tels sites web. L'acc\u00e8s \u00e0 de tels sites et leur utilisation se font aux risques et p\u00e9rils de l'utilisateur.<\/p><br\/><br\/><p><strong><i>Droits d'auteur<\/i><\/strong><\/p><p>Les droits d'auteur et tous les autres droits li\u00e9s aux contenus, images, photos ou autres fichiers de ce site web sont la propri\u00e9t\u00e9 exclusive de l'auteur. <strong>de la soci\u00e9t\u00e9 S-Solutions GmbH<\/strong> ou aux d\u00e9tenteurs de droits sp\u00e9cifiquement cit\u00e9s. Pour la reproduction de tout \u00e9l\u00e9ment, l'accord \u00e9crit du d\u00e9tenteur des droits d'auteur doit \u00eatre obtenu au pr\u00e9alable.<\/p><br\/><!--ACHTUNG: Wenn Sie die Quelle ohne Erlaubnis von SwissAnwalt entfernen, dann begehen Sie eine Urheberrechtsverletzung welche in jedem Fall geahndet wird.-->Source : <a href=\"https:\/\/www.swissanwalt.ch\" target=\"_blank\" rel=\"noopener\">SwissAnwalt<\/a><!--Bitte beachten Sie die AGB von SwissAnwalt betreffend allf&auml;llig anfallenden Kosten bei Weglassen der Quelle!-->\t\t\t\t\t\t\t\t<\/div>\n\t\t\t\t<\/div>\n\t\t\t\t<div class=\"elementor-element elementor-element-3edf715 elementor-widget elementor-widget-spacer\" data-id=\"3edf715\" data-element_type=\"widget\" data-e-type=\"widget\" data-widget_type=\"spacer.default\">\n\t\t\t\t<div class=\"elementor-widget-container\">\n\t\t\t\t\t\t\t<div class=\"elementor-spacer\">\n\t\t\t<div class=\"elementor-spacer-inner\"><\/div>\n\t\t<\/div>\n\t\t\t\t\t\t<\/div>\n\t\t\t\t<\/div>\n\t\t\t\t\t<\/div>\n\t\t<\/div>\n\t\t\t\t\t<\/div>\n\t\t<\/section>\n\t\t\t\t<\/div>","protected":false},"excerpt":{"rendered":"<p>Impressum Kontakt-Adresse S-Solutions GmbH Biberenzelgli 18 3210 Kerzers Schweiz E-Mail: info@searchsolutions.ch Vertretungsberechtigte Person(en) Loris Gross, Gesch\u00e4ftsf\u00fchrer Fabio Hayoz, Gesch\u00e4ftsf\u00fchrer Dominic Krainer,&#8230;<\/p>","protected":false},"author":1,"featured_media":0,"parent":0,"menu_order":0,"comment_status":"closed","ping_status":"closed","template":"full-width.php","meta":{"rs_blank_template":"","rs_page_bg_color":"","slide_template_v7":"","footnotes":""},"class_list":["post-7407","page","type-page","status-publish","hentry"],"yoast_head":"<!-- This site is optimized with the Yoast SEO plugin v27.4 - https:\/\/yoast.com\/product\/yoast-seo-wordpress\/ -->\n<title>Impressum - Searchsolutions<\/title>\n<meta name=\"robots\" content=\"index, follow, max-snippet:-1, max-image-preview:large, max-video-preview:-1\" \/>\n<link rel=\"canonical\" href=\"https:\/\/searchsolutions.ch\/fr\/mentions-legales\/\" \/>\n<meta property=\"og:locale\" content=\"fr_FR\" \/>\n<meta property=\"og:type\" content=\"article\" \/>\n<meta property=\"og:title\" content=\"Impressum - Searchsolutions\" \/>\n<meta property=\"og:description\" content=\"Impressum Kontakt-Adresse S-Solutions GmbH Biberenzelgli 18 3210 Kerzers Schweiz E-Mail: info@searchsolutions.ch Vertretungsberechtigte Person(en) Loris Gross, Gesch\u00e4ftsf\u00fchrer Fabio Hayoz, Gesch\u00e4ftsf\u00fchrer Dominic Krainer,...\" \/>\n<meta property=\"og:url\" content=\"https:\/\/searchsolutions.ch\/fr\/mentions-legales\/\" \/>\n<meta property=\"og:site_name\" content=\"Searchsolutions\" \/>\n<meta property=\"article:publisher\" content=\"https:\/\/www.facebook.com\/profile.php?id=100084555974734\" \/>\n<meta property=\"article:modified_time\" content=\"2024-09-11T08:32:49+00:00\" \/>\n<meta name=\"twitter:card\" content=\"summary_large_image\" \/>\n<meta name=\"twitter:label1\" content=\"Dur\u00e9e de lecture estim\u00e9e\" \/>\n\t<meta name=\"twitter:data1\" content=\"2 minutes\" \/>\n<script type=\"application\/ld+json\" class=\"yoast-schema-graph\">{\"@context\":\"https:\\\/\\\/schema.org\",\"@graph\":[{\"@type\":\"WebPage\",\"@id\":\"https:\\\/\\\/searchsolutions.ch\\\/impressum\\\/\",\"url\":\"https:\\\/\\\/searchsolutions.ch\\\/impressum\\\/\",\"name\":\"Impressum - Searchsolutions\",\"isPartOf\":{\"@id\":\"https:\\\/\\\/searchsolutions.ch\\\/#website\"},\"datePublished\":\"2022-09-17T15:31:04+00:00\",\"dateModified\":\"2024-09-11T08:32:49+00:00\",\"breadcrumb\":{\"@id\":\"https:\\\/\\\/searchsolutions.ch\\\/impressum\\\/#breadcrumb\"},\"inLanguage\":\"fr-FR\",\"potentialAction\":[{\"@type\":\"ReadAction\",\"target\":[\"https:\\\/\\\/searchsolutions.ch\\\/impressum\\\/\"]}]},{\"@type\":\"BreadcrumbList\",\"@id\":\"https:\\\/\\\/searchsolutions.ch\\\/impressum\\\/#breadcrumb\",\"itemListElement\":[{\"@type\":\"ListItem\",\"position\":1,\"name\":\"Home\",\"item\":\"https:\\\/\\\/searchsolutions.ch\\\/\"},{\"@type\":\"ListItem\",\"position\":2,\"name\":\"Impressum\"}]},{\"@type\":\"WebSite\",\"@id\":\"https:\\\/\\\/searchsolutions.ch\\\/#website\",\"url\":\"https:\\\/\\\/searchsolutions.ch\\\/\",\"name\":\"Searchsolutions\",\"description\":\"Garantiert Ihnen ein Top Auftritt auf Google!\",\"publisher\":{\"@id\":\"https:\\\/\\\/searchsolutions.ch\\\/#organization\"},\"potentialAction\":[{\"@type\":\"SearchAction\",\"target\":{\"@type\":\"EntryPoint\",\"urlTemplate\":\"https:\\\/\\\/searchsolutions.ch\\\/?s={search_term_string}\"},\"query-input\":{\"@type\":\"PropertyValueSpecification\",\"valueRequired\":true,\"valueName\":\"search_term_string\"}}],\"inLanguage\":\"fr-FR\"},{\"@type\":\"Organization\",\"@id\":\"https:\\\/\\\/searchsolutions.ch\\\/#organization\",\"name\":\"Searchsolutions\",\"url\":\"https:\\\/\\\/searchsolutions.ch\\\/\",\"logo\":{\"@type\":\"ImageObject\",\"inLanguage\":\"fr-FR\",\"@id\":\"https:\\\/\\\/searchsolutions.ch\\\/#\\\/schema\\\/logo\\\/image\\\/\",\"url\":\"https:\\\/\\\/searchsolutions.ch\\\/wp-content\\\/uploads\\\/2022\\\/09\\\/Logo.png\",\"contentUrl\":\"https:\\\/\\\/searchsolutions.ch\\\/wp-content\\\/uploads\\\/2022\\\/09\\\/Logo.png\",\"width\":4167,\"height\":4167,\"caption\":\"Searchsolutions\"},\"image\":{\"@id\":\"https:\\\/\\\/searchsolutions.ch\\\/#\\\/schema\\\/logo\\\/image\\\/\"},\"sameAs\":[\"https:\\\/\\\/www.facebook.com\\\/profile.php?id=100084555974734\",\"https:\\\/\\\/www.instagram.com\\\/searchsolutions.ch\\\/\"]}]}<\/script>\n<!-- \/ Yoast SEO plugin. -->","yoast_head_json":{"title":"Mentions l\u00e9gales - Searchsolutions","robots":{"index":"index","follow":"follow","max-snippet":"max-snippet:-1","max-image-preview":"max-image-preview:large","max-video-preview":"max-video-preview:-1"},"canonical":"https:\/\/searchsolutions.ch\/fr\/mentions-legales\/","og_locale":"fr_FR","og_type":"article","og_title":"Impressum - Searchsolutions","og_description":"Impressum Kontakt-Adresse S-Solutions GmbH Biberenzelgli 18 3210 Kerzers Schweiz E-Mail: info@searchsolutions.ch Vertretungsberechtigte Person(en) Loris Gross, Gesch\u00e4ftsf\u00fchrer Fabio Hayoz, Gesch\u00e4ftsf\u00fchrer Dominic Krainer,...","og_url":"https:\/\/searchsolutions.ch\/fr\/mentions-legales\/","og_site_name":"Searchsolutions","article_publisher":"https:\/\/www.facebook.com\/profile.php?id=100084555974734","article_modified_time":"2024-09-11T08:32:49+00:00","twitter_card":"summary_large_image","twitter_misc":{"Dur\u00e9e de lecture estim\u00e9e":"2 minutes"},"schema":{"@context":"https:\/\/schema.org","@graph":[{"@type":"WebPage","@id":"https:\/\/searchsolutions.ch\/impressum\/","url":"https:\/\/searchsolutions.ch\/impressum\/","name":"Mentions l\u00e9gales - Searchsolutions","isPartOf":{"@id":"https:\/\/searchsolutions.ch\/#website"},"datePublished":"2022-09-17T15:31:04+00:00","dateModified":"2024-09-11T08:32:49+00:00","breadcrumb":{"@id":"https:\/\/searchsolutions.ch\/impressum\/#breadcrumb"},"inLanguage":"fr-FR","potentialAction":[{"@type":"ReadAction","target":["https:\/\/searchsolutions.ch\/impressum\/"]}]},{"@type":"BreadcrumbList","@id":"https:\/\/searchsolutions.ch\/impressum\/#breadcrumb","itemListElement":[{"@type":"ListItem","position":1,"name":"Home","item":"https:\/\/searchsolutions.ch\/"},{"@type":"ListItem","position":2,"name":"Impressum"}]},{"@type":"WebSite","@id":"https:\/\/searchsolutions.ch\/#website","url":"https:\/\/searchsolutions.ch\/","name":"Searchsolutions","description":"Vous garantit une pr\u00e9sence optimale sur Google !","publisher":{"@id":"https:\/\/searchsolutions.ch\/#organization"},"potentialAction":[{"@type":"SearchAction","target":{"@type":"EntryPoint","urlTemplate":"https:\/\/searchsolutions.ch\/?s={search_term_string}"},"query-input":{"@type":"PropertyValueSpecification","valueRequired":true,"valueName":"search_term_string"}}],"inLanguage":"fr-FR"},{"@type":"Organization","@id":"https:\/\/searchsolutions.ch\/#organization","name":"Searchsolutions","url":"https:\/\/searchsolutions.ch\/","logo":{"@type":"ImageObject","inLanguage":"fr-FR","@id":"https:\/\/searchsolutions.ch\/#\/schema\/logo\/image\/","url":"https:\/\/searchsolutions.ch\/wp-content\/uploads\/2022\/09\/Logo.png","contentUrl":"https:\/\/searchsolutions.ch\/wp-content\/uploads\/2022\/09\/Logo.png","width":4167,"height":4167,"caption":"Searchsolutions"},"image":{"@id":"https:\/\/searchsolutions.ch\/#\/schema\/logo\/image\/"},"sameAs":["https:\/\/www.facebook.com\/profile.php?id=100084555974734","https:\/\/www.instagram.com\/searchsolutions.ch\/"]}]}},"_links":{"self":[{"href":"https:\/\/searchsolutions.ch\/fr\/wp-json\/wp\/v2\/pages\/7407","targetHints":{"allow":["GET"]}}],"collection":[{"href":"https:\/\/searchsolutions.ch\/fr\/wp-json\/wp\/v2\/pages"}],"about":[{"href":"https:\/\/searchsolutions.ch\/fr\/wp-json\/wp\/v2\/types\/page"}],"author":[{"embeddable":true,"href":"https:\/\/searchsolutions.ch\/fr\/wp-json\/wp\/v2\/users\/1"}],"replies":[{"embeddable":true,"href":"https:\/\/searchsolutions.ch\/fr\/wp-json\/wp\/v2\/comments?post=7407"}],"version-history":[{"count":1,"href":"https:\/\/searchsolutions.ch\/fr\/wp-json\/wp\/v2\/pages\/7407\/revisions"}],"predecessor-version":[{"id":7982,"href":"https:\/\/searchsolutions.ch\/fr\/wp-json\/wp\/v2\/pages\/7407\/revisions\/7982"}],"wp:attachment":[{"href":"https:\/\/searchsolutions.ch\/fr\/wp-json\/wp\/v2\/media?parent=7407"}],"curies":[{"name":"wp","href":"https:\/\/api.w.org\/{rel}","templated":true}]}}