{"id":7280,"date":"2022-09-11T15:45:39","date_gmt":"2022-09-11T13:45:39","guid":{"rendered":"https:\/\/searchsolutions.ch\/?page_id=7280"},"modified":"2025-05-05T17:50:40","modified_gmt":"2025-05-05T15:50:40","slug":"contact","status":"publish","type":"page","link":"https:\/\/searchsolutions.ch\/fr\/kontakt\/","title":{"rendered":"Contact"},"content":{"rendered":"<div data-elementor-type=\"wp-page\" data-elementor-id=\"7280\" class=\"elementor elementor-7280\" data-elementor-post-type=\"page\">\n\t\t\t\t\t\t<section class=\"elementor-section elementor-top-section elementor-element elementor-element-45fc75ca qodef_elementor_container_inner elementor-section-stretched elementor-section-boxed elementor-section-height-default elementor-section-height-default parallax_section_no\" data-id=\"45fc75ca\" data-element_type=\"section\" data-e-type=\"section\" data-settings=\"{&quot;stretch_section&quot;:&quot;section-stretched&quot;}\">\n\t\t\t\t\t\t<div class=\"elementor-container elementor-column-gap-default\">\n\t\t\t\t\t<div class=\"elementor-column elementor-col-100 elementor-top-column elementor-element elementor-element-7ab0fcc5\" data-id=\"7ab0fcc5\" data-element_type=\"column\" data-e-type=\"column\">\n\t\t\t<div class=\"elementor-widget-wrap elementor-element-populated\">\n\t\t\t\t\t\t<div class=\"elementor-element elementor-element-1793b73 elementor-hidden-desktop elementor-widget elementor-widget-spacer\" data-id=\"1793b73\" data-element_type=\"widget\" data-e-type=\"widget\" data-widget_type=\"spacer.default\">\n\t\t\t\t<div class=\"elementor-widget-container\">\n\t\t\t\t\t\t\t<div class=\"elementor-spacer\">\n\t\t\t<div class=\"elementor-spacer-inner\"><\/div>\n\t\t<\/div>\n\t\t\t\t\t\t<\/div>\n\t\t\t\t<\/div>\n\t\t\t\t<div class=\"elementor-element elementor-element-2b2f157 elementor-widget elementor-widget-text-editor\" data-id=\"2b2f157\" data-element_type=\"widget\" data-e-type=\"widget\" data-widget_type=\"text-editor.default\">\n\t\t\t\t<div class=\"elementor-widget-container\">\n\t\t\t\t\t\t\t\t\t<h2 style=\"text-align: center;\">Contactez-nous<\/h2>\t\t\t\t\t\t\t\t<\/div>\n\t\t\t\t<\/div>\n\t\t\t\t<div class=\"elementor-element elementor-element-3edf715 elementor-widget elementor-widget-spacer\" data-id=\"3edf715\" data-element_type=\"widget\" data-e-type=\"widget\" data-widget_type=\"spacer.default\">\n\t\t\t\t<div class=\"elementor-widget-container\">\n\t\t\t\t\t\t\t<div class=\"elementor-spacer\">\n\t\t\t<div class=\"elementor-spacer-inner\"><\/div>\n\t\t<\/div>\n\t\t\t\t\t\t<\/div>\n\t\t\t\t<\/div>\n\t\t\t\t<div class=\"elementor-element elementor-element-eccfd1f elementor-widget elementor-widget-text-editor\" data-id=\"eccfd1f\" data-element_type=\"widget\" data-e-type=\"widget\" data-widget_type=\"text-editor.default\">\n\t\t\t\t<div class=\"elementor-widget-container\">\n\t\t\t\t\t\t\t\t\t<h4>N'h\u00e9sitez pas \u00e0 nous contacter pour une pr\u00e9sentation, un rendez-vous ou pour toute question. Nous serions ravis de faire votre connaissance.<\/h4>\t\t\t\t\t\t\t\t<\/div>\n\t\t\t\t<\/div>\n\t\t\t\t\t<\/div>\n\t\t<\/div>\n\t\t\t\t\t<\/div>\n\t\t<\/section>\n\t\t\t\t<section class=\"elementor-section elementor-top-section elementor-element elementor-element-2f66ead qodef_elementor_container_inner elementor-section-stretched elementor-section-boxed elementor-section-height-default elementor-section-height-default parallax_section_no\" data-id=\"2f66ead\" data-element_type=\"section\" data-e-type=\"section\" data-settings=\"{&quot;stretch_section&quot;:&quot;section-stretched&quot;}\">\n\t\t\t\t\t\t<div class=\"elementor-container elementor-column-gap-default\">\n\t\t\t\t\t<div class=\"elementor-column elementor-col-100 elementor-top-column elementor-element elementor-element-8e4801d\" data-id=\"8e4801d\" data-element_type=\"column\" data-e-type=\"column\">\n\t\t\t<div class=\"elementor-widget-wrap elementor-element-populated\">\n\t\t\t\t\t\t<section class=\"elementor-section elementor-inner-section elementor-element elementor-element-9fa6fb7 elementor-section-boxed elementor-section-height-default elementor-section-height-default parallax_section_no qodef_elementor_container_no\" data-id=\"9fa6fb7\" data-element_type=\"section\" data-e-type=\"section\">\n\t\t\t\t\t\t<div class=\"elementor-container elementor-column-gap-default\">\n\t\t\t\t\t<div class=\"elementor-column elementor-col-33 elementor-inner-column elementor-element elementor-element-d81b55f\" data-id=\"d81b55f\" data-element_type=\"column\" data-e-type=\"column\">\n\t\t\t<div class=\"elementor-widget-wrap elementor-element-populated\">\n\t\t\t\t\t\t<div class=\"elementor-element elementor-element-d1dee9b elementor-widget elementor-widget-qodef_icon_with_text\" data-id=\"d1dee9b\" data-element_type=\"widget\" data-e-type=\"widget\" data-widget_type=\"qodef_icon_with_text.default\">\n\t\t\t\t<div class=\"elementor-widget-container\">\n\t\t\t\t\t<div class=\"qodef-iwt clearfix qodef-iwt-icon-top qodef-iwt-icon-tiny\">\n    <div class=\"qodef-iwt-icon-holder\">\n                    \n    <span class=\"qodef-icon-shortcode square\" style=\"width: 37px;height: 37px;line-height: 37px\" >\n        \n        <i class=\"qodef-icon-simple-line-icon icon-pin qodef-icon-element\" style=\"font-size:14px\" ><\/i>\n            <\/span>\n\n            <\/div>\n    <div class=\"qodef-iwt-content-holder\" >\n                    <div class=\"qodef-iwt-title-holder\">\n                <h6 style=\"color: #000000\">Adresse<\/h6>\n            <\/div>\n                <div class=\"qodef-iwt-text-holder\">\n            <p style=\"color: #000000\">Biberenzelgli 18, 3210 Kerzers, Suisse<\/p>\n\n                    <\/div>\n    <\/div>\n<\/div>\t\t\t\t<\/div>\n\t\t\t\t<\/div>\n\t\t\t\t\t<\/div>\n\t\t<\/div>\n\t\t\t\t<div class=\"elementor-column elementor-col-33 elementor-inner-column elementor-element elementor-element-bd64888\" data-id=\"bd64888\" data-element_type=\"column\" data-e-type=\"column\">\n\t\t\t<div class=\"elementor-widget-wrap elementor-element-populated\">\n\t\t\t\t\t\t<div class=\"elementor-element elementor-element-4e6aeaf elementor-widget elementor-widget-qodef_icon_with_text\" data-id=\"4e6aeaf\" data-element_type=\"widget\" data-e-type=\"widget\" data-widget_type=\"qodef_icon_with_text.default\">\n\t\t\t\t<div class=\"elementor-widget-container\">\n\t\t\t\t\t<div class=\"qodef-iwt clearfix qodef-iwt-icon-top qodef-iwt-icon-tiny\">\n    <div class=\"qodef-iwt-icon-holder\">\n                    \n    <span class=\"qodef-icon-shortcode square\" style=\"width: 37px;height: 37px;line-height: 37px\" >\n        \n        <i class=\"qodef-icon-simple-line-icon icon-phone qodef-icon-element\" style=\"font-size:14px\" ><\/i>\n            <\/span>\n\n            <\/div>\n    <div class=\"qodef-iwt-content-holder\" >\n                    <div class=\"qodef-iwt-title-holder\">\n                <h6 style=\"color: #000000\">Hotline<\/h6>\n            <\/div>\n                <div class=\"qodef-iwt-text-holder\">\n            <p style=\"color: #000000\">031 755 40 40<\/p>\n\n                    <\/div>\n    <\/div>\n<\/div>\t\t\t\t<\/div>\n\t\t\t\t<\/div>\n\t\t\t\t\t<\/div>\n\t\t<\/div>\n\t\t\t\t<div class=\"elementor-column elementor-col-33 elementor-inner-column elementor-element elementor-element-24822f0\" data-id=\"24822f0\" data-element_type=\"column\" data-e-type=\"column\">\n\t\t\t<div class=\"elementor-widget-wrap elementor-element-populated\">\n\t\t\t\t\t\t<div class=\"elementor-element elementor-element-2a7056d elementor-widget elementor-widget-qodef_icon_with_text\" data-id=\"2a7056d\" data-element_type=\"widget\" data-e-type=\"widget\" data-widget_type=\"qodef_icon_with_text.default\">\n\t\t\t\t<div class=\"elementor-widget-container\">\n\t\t\t\t\t<div class=\"qodef-iwt clearfix qodef-iwt-icon-top qodef-iwt-icon-tiny\">\n    <div class=\"qodef-iwt-icon-holder\">\n                    \n    <span class=\"qodef-icon-shortcode square\" style=\"width: 37px;height: 37px;line-height: 37px\" >\n        \n        <i class=\"qodef-icon-simple-line-icon icon-doc qodef-icon-element\" style=\"font-size:14px\" ><\/i>\n            <\/span>\n\n            <\/div>\n    <div class=\"qodef-iwt-content-holder\" >\n                    <div class=\"qodef-iwt-title-holder\">\n                <h6 style=\"color: #000000\">Courrier \u00e9lectronique<\/h6>\n            <\/div>\n                <div class=\"qodef-iwt-text-holder\">\n            <p style=\"color: #000000\">info@searchsolutions.ch<\/p>\n\n                    <\/div>\n    <\/div>\n<\/div>\t\t\t\t<\/div>\n\t\t\t\t<\/div>\n\t\t\t\t\t<\/div>\n\t\t<\/div>\n\t\t\t\t\t<\/div>\n\t\t<\/section>\n\t\t\t\t\t<\/div>\n\t\t<\/div>\n\t\t\t\t\t<\/div>\n\t\t<\/section>\n\t\t\t\t<section class=\"elementor-section elementor-top-section elementor-element elementor-element-2eced22 qodef_elementor_container_inner elementor-section-stretched elementor-section-boxed elementor-section-height-default elementor-section-height-default parallax_section_no\" data-id=\"2eced22\" data-element_type=\"section\" data-e-type=\"section\" data-settings=\"{&quot;stretch_section&quot;:&quot;section-stretched&quot;}\">\n\t\t\t\t\t\t<div class=\"elementor-container elementor-column-gap-default\">\n\t\t\t\t\t<div class=\"elementor-column elementor-col-100 elementor-top-column elementor-element elementor-element-46f2f69\" data-id=\"46f2f69\" data-element_type=\"column\" data-e-type=\"column\">\n\t\t\t<div class=\"elementor-widget-wrap elementor-element-populated\">\n\t\t\t\t\t\t<div class=\"elementor-element elementor-element-3e492c2 elementor-widget elementor-widget-shortcode\" data-id=\"3e492c2\" data-element_type=\"widget\" data-e-type=\"widget\" data-widget_type=\"shortcode.default\">\n\t\t\t\t<div class=\"elementor-widget-container\">\n\t\t\t\t\t\t\t<div class=\"elementor-shortcode\">\n<div class=\"wpcf7 no-js\" id=\"wpcf7-f4197-o1\" lang=\"en-GB\" dir=\"ltr\" data-wpcf7-id=\"4197\">\n<div class=\"screen-reader-response\"><p role=\"status\" aria-live=\"polite\" aria-atomic=\"true\"><\/p> <ul><\/ul><\/div>\n<form action=\"\/fr\/wp-json\/wp\/v2\/pages\/7280#wpcf7-f4197-o1\" method=\"post\" class=\"wpcf7-form init\" aria-label=\"Formulaire de contact\" novalidate=\"novalidate\" data-status=\"init\" data-trp-original-action=\"\/fr\/wp-json\/wp\/v2\/pages\/7280#wpcf7-f4197-o1\">\n<fieldset class=\"hidden-fields-container\"><input type=\"hidden\" name=\"_wpcf7\" value=\"4197\" \/><input type=\"hidden\" name=\"_wpcf7_version\" value=\"6.1.5\" \/><input type=\"hidden\" name=\"_wpcf7_locale\" value=\"en_GB\" \/><input type=\"hidden\" name=\"_wpcf7_unit_tag\" value=\"wpcf7-f4197-o1\" \/><input type=\"hidden\" name=\"_wpcf7_container_post\" value=\"0\" \/><input type=\"hidden\" name=\"_wpcf7_posted_data_hash\" value=\"\" \/><input type=\"hidden\" name=\"_wpcf7_recaptcha_response\" value=\"\" \/>\n<\/fieldset>\n<label> <span class=\"wpcf7-form-control-wrap\" data-name=\"your-nameorcompany\"><input size=\"40\" maxlength=\"400\" class=\"wpcf7-form-control wpcf7-text wpcf7-validates-as-required\" aria-required=\"true\" aria-invalid=\"false\" placeholder=\"Nom\/soci\u00e9t\u00e9\" value=\"\" type=\"text\" name=\"your-nameorcompany\" \/><\/span> <\/label>\n\n<label> <span class=\"wpcf7-form-control-wrap\" data-name=\"your-email\"><input size=\"40\" maxlength=\"400\" class=\"wpcf7-form-control wpcf7-email wpcf7-validates-as-required wpcf7-text wpcf7-validates-as-email\" aria-required=\"true\" aria-invalid=\"false\" placeholder=\"Courrier \u00e9lectronique\" value=\"\" type=\"email\" name=\"your-email\" \/><\/span> <\/label>\n\n<label> <span class=\"wpcf7-form-control-wrap\" data-name=\"phone-number\"><input size=\"40\" maxlength=\"400\" class=\"wpcf7-form-control wpcf7-tel wpcf7-validates-as-required wpcf7-text wpcf7-validates-as-tel\" aria-required=\"true\" aria-invalid=\"false\" placeholder=\"T\u00e9l\u00e9phone\" value=\"\" type=\"tel\" name=\"phone-number\" \/><\/span> <\/label>\n\n<label> <span class=\"wpcf7-form-control-wrap\" data-name=\"your-subject\"><input size=\"40\" maxlength=\"400\" class=\"wpcf7-form-control wpcf7-text wpcf7-validates-as-required\" aria-required=\"true\" aria-invalid=\"false\" placeholder=\"Sujet\" value=\"\" type=\"text\" name=\"your-subject\" \/><\/span> <\/label>\n\n<label> <span class=\"wpcf7-form-control-wrap\" data-name=\"your-message\"><textarea cols=\"40\" rows=\"10\" maxlength=\"2000\" class=\"wpcf7-form-control wpcf7-textarea\" aria-invalid=\"false\" placeholder=\"Votre message\" name=\"your-message\"><\/textarea><\/span> <\/label>\n\n<p class=\"relative\">\n<span class=\"wpcf7-form-control-wrap recaptcha\" data-name=\"recaptcha\"><span data-sitekey=\"6Ldd2SsiAAAAABD8bxbKvv8zHtdZzs-CwFxtK1jt\" class=\"wpcf7-form-control wpcf7-recaptcha g-recaptcha\"><\/span>\r\n<noscript>\r\n\t<div class=\"grecaptcha-noscript\">\r\n\t\t<iframe src=\"https:\/\/www.google.com\/recaptcha\/api\/fallback?k=6Ldd2SsiAAAAABD8bxbKvv8zHtdZzs-CwFxtK1jt\" frameborder=\"0\" scrolling=\"no\" width=\"310\" height=\"430\">\r\n\t\t<\/iframe>\r\n\t\t<textarea name=\"g-recaptcha-response\" rows=\"3\" cols=\"40\" placeholder=\"reCaptcha Response Here\">\r\n\t\t<\/textarea>\r\n\t<\/div>\r\n<\/noscript>\r\n<\/span>\n<\/p>\n<br>\n\n<input class=\"wpcf7-form-control wpcf7-submit has-spinner\" type=\"submit\" value=\"Envoyer\" \/><div class=\"wpcf7-response-output\" aria-hidden=\"true\"><\/div>\n<input type=\"hidden\" name=\"trp-form-language\" value=\"fr\"\/><\/form>\n<\/div>\n<\/div>\n\t\t\t\t\t\t<\/div>\n\t\t\t\t<\/div>\n\t\t\t\t\t<\/div>\n\t\t<\/div>\n\t\t\t\t\t<\/div>\n\t\t<\/section>\n\t\t\t\t<section class=\"elementor-section elementor-top-section elementor-element elementor-element-81eda0c elementor-section-full_width elementor-section-height-default elementor-section-height-default parallax_section_no qodef_elementor_container_no\" data-id=\"81eda0c\" data-element_type=\"section\" data-e-type=\"section\">\n\t\t\t\t\t\t<div class=\"elementor-container elementor-column-gap-no\">\n\t\t\t\t\t<div class=\"elementor-column elementor-col-100 elementor-top-column elementor-element elementor-element-514d113\" data-id=\"514d113\" data-element_type=\"column\" data-e-type=\"column\">\n\t\t\t<div class=\"elementor-widget-wrap elementor-element-populated\">\n\t\t\t\t\t\t<div class=\"elementor-element elementor-element-9ba703f elementor-widget elementor-widget-google_maps\" data-id=\"9ba703f\" data-element_type=\"widget\" data-e-type=\"widget\" data-widget_type=\"google_maps.default\">\n\t\t\t\t<div class=\"elementor-widget-container\">\n\t\t\t\t\t\t\t<div class=\"elementor-custom-embed\">\n\t\t\t<iframe loading=\"lazy\"\n\t\t\t\t\tsrc=\"https:\/\/maps.google.com\/maps?q=Biberenzelgli%2018%2C%203210%20Kerzers&#038;t=m&#038;z=13&#038;output=embed&#038;iwloc=near\"\n\t\t\t\t\ttitle=\"Biberenzelgli 18, 3210 Chi\u00e8tres\"\n\t\t\t\t\taria-label=\"Biberenzelgli 18, 3210 Chi\u00e8tres\"\n\t\t\t><\/iframe>\n\t\t<\/div>\n\t\t\t\t\t\t<\/div>\n\t\t\t\t<\/div>\n\t\t\t\t\t<\/div>\n\t\t<\/div>\n\t\t\t\t\t<\/div>\n\t\t<\/section>\n\t\t\t\t<\/div>","protected":false},"excerpt":{"rendered":"<p>Kontaktieren Sie uns Z\u00f6gern Sie nicht, uns f\u00fcr eine Pr\u00e4sentation, Termin oder f\u00fcr Fragen zu kontaktieren. Wir w\u00fcrden uns freuen, Sie&#8230;<\/p>","protected":false},"author":1,"featured_media":0,"parent":0,"menu_order":0,"comment_status":"closed","ping_status":"closed","template":"full-width.php","meta":{"rs_blank_template":"","rs_page_bg_color":"","slide_template_v7":"","footnotes":""},"class_list":["post-7280","page","type-page","status-publish","hentry"],"yoast_head":"<!-- This site is optimized with the Yoast SEO plugin v27.5 - https:\/\/yoast.com\/product\/yoast-seo-wordpress\/ -->\n<title>Kontakt - Searchsolutions<\/title>\n<meta name=\"description\" content=\"Z\u00f6gern Sie nicht, uns f\u00fcr eine Pr\u00e4sentation, Termin oder f\u00fcr Fragen zu kontaktieren. Wir w\u00fcrden uns freuen, Sie kennen lernen zu d\u00fcrfen.\" \/>\n<meta name=\"robots\" content=\"index, follow, max-snippet:-1, max-image-preview:large, max-video-preview:-1\" \/>\n<link rel=\"canonical\" href=\"https:\/\/searchsolutions.ch\/fr\/contact\/\" \/>\n<meta property=\"og:locale\" content=\"fr_FR\" \/>\n<meta property=\"og:type\" content=\"article\" \/>\n<meta property=\"og:title\" content=\"Kontakt - Searchsolutions\" \/>\n<meta property=\"og:description\" content=\"Z\u00f6gern Sie nicht, uns f\u00fcr eine Pr\u00e4sentation, Termin oder f\u00fcr Fragen zu kontaktieren. Wir w\u00fcrden uns freuen, Sie kennen lernen zu d\u00fcrfen.\" \/>\n<meta property=\"og:url\" content=\"https:\/\/searchsolutions.ch\/fr\/contact\/\" \/>\n<meta property=\"og:site_name\" content=\"Searchsolutions\" \/>\n<meta property=\"article:publisher\" content=\"https:\/\/www.facebook.com\/profile.php?id=100084555974734\" \/>\n<meta property=\"article:modified_time\" content=\"2025-05-05T15:50:40+00:00\" \/>\n<meta name=\"twitter:card\" content=\"summary_large_image\" \/>\n<meta name=\"twitter:label1\" content=\"Dur\u00e9e de lecture estim\u00e9e\" \/>\n\t<meta name=\"twitter:data1\" content=\"1 minute\" \/>\n<script type=\"application\/ld+json\" class=\"yoast-schema-graph\">{\"@context\":\"https:\\\/\\\/schema.org\",\"@graph\":[{\"@type\":\"WebPage\",\"@id\":\"https:\\\/\\\/searchsolutions.ch\\\/kontakt\\\/\",\"url\":\"https:\\\/\\\/searchsolutions.ch\\\/kontakt\\\/\",\"name\":\"Kontakt - Searchsolutions\",\"isPartOf\":{\"@id\":\"https:\\\/\\\/searchsolutions.ch\\\/#website\"},\"datePublished\":\"2022-09-11T13:45:39+00:00\",\"dateModified\":\"2025-05-05T15:50:40+00:00\",\"description\":\"Z\u00f6gern Sie nicht, uns f\u00fcr eine Pr\u00e4sentation, Termin oder f\u00fcr Fragen zu kontaktieren. Wir w\u00fcrden uns freuen, Sie kennen lernen zu d\u00fcrfen.\",\"breadcrumb\":{\"@id\":\"https:\\\/\\\/searchsolutions.ch\\\/kontakt\\\/#breadcrumb\"},\"inLanguage\":\"fr-FR\",\"potentialAction\":[{\"@type\":\"ReadAction\",\"target\":[\"https:\\\/\\\/searchsolutions.ch\\\/kontakt\\\/\"]}]},{\"@type\":\"BreadcrumbList\",\"@id\":\"https:\\\/\\\/searchsolutions.ch\\\/kontakt\\\/#breadcrumb\",\"itemListElement\":[{\"@type\":\"ListItem\",\"position\":1,\"name\":\"Home\",\"item\":\"https:\\\/\\\/searchsolutions.ch\\\/\"},{\"@type\":\"ListItem\",\"position\":2,\"name\":\"Kontakt\"}]},{\"@type\":\"WebSite\",\"@id\":\"https:\\\/\\\/searchsolutions.ch\\\/#website\",\"url\":\"https:\\\/\\\/searchsolutions.ch\\\/\",\"name\":\"Searchsolutions\",\"description\":\"Garantiert Ihnen ein Top Auftritt auf Google!\",\"publisher\":{\"@id\":\"https:\\\/\\\/searchsolutions.ch\\\/#organization\"},\"potentialAction\":[{\"@type\":\"SearchAction\",\"target\":{\"@type\":\"EntryPoint\",\"urlTemplate\":\"https:\\\/\\\/searchsolutions.ch\\\/?s={search_term_string}\"},\"query-input\":{\"@type\":\"PropertyValueSpecification\",\"valueRequired\":true,\"valueName\":\"search_term_string\"}}],\"inLanguage\":\"fr-FR\"},{\"@type\":\"Organization\",\"@id\":\"https:\\\/\\\/searchsolutions.ch\\\/#organization\",\"name\":\"Searchsolutions\",\"url\":\"https:\\\/\\\/searchsolutions.ch\\\/\",\"logo\":{\"@type\":\"ImageObject\",\"inLanguage\":\"fr-FR\",\"@id\":\"https:\\\/\\\/searchsolutions.ch\\\/#\\\/schema\\\/logo\\\/image\\\/\",\"url\":\"https:\\\/\\\/searchsolutions.ch\\\/wp-content\\\/uploads\\\/2022\\\/09\\\/Logo.png\",\"contentUrl\":\"https:\\\/\\\/searchsolutions.ch\\\/wp-content\\\/uploads\\\/2022\\\/09\\\/Logo.png\",\"width\":4167,\"height\":4167,\"caption\":\"Searchsolutions\"},\"image\":{\"@id\":\"https:\\\/\\\/searchsolutions.ch\\\/#\\\/schema\\\/logo\\\/image\\\/\"},\"sameAs\":[\"https:\\\/\\\/www.facebook.com\\\/profile.php?id=100084555974734\",\"https:\\\/\\\/www.instagram.com\\\/searchsolutions.ch\\\/\"]}]}<\/script>\n<!-- \/ Yoast SEO plugin. -->","yoast_head_json":{"title":"Contact - Searchsolutions","description":"N'h\u00e9sitez pas \u00e0 nous contacter pour une pr\u00e9sentation, un rendez-vous ou pour toute question. Nous serions ravis de faire votre connaissance.","robots":{"index":"index","follow":"follow","max-snippet":"max-snippet:-1","max-image-preview":"max-image-preview:large","max-video-preview":"max-video-preview:-1"},"canonical":"https:\/\/searchsolutions.ch\/fr\/contact\/","og_locale":"fr_FR","og_type":"article","og_title":"Kontakt - Searchsolutions","og_description":"Z\u00f6gern Sie nicht, uns f\u00fcr eine Pr\u00e4sentation, Termin oder f\u00fcr Fragen zu kontaktieren. Wir w\u00fcrden uns freuen, Sie kennen lernen zu d\u00fcrfen.","og_url":"https:\/\/searchsolutions.ch\/fr\/contact\/","og_site_name":"Searchsolutions","article_publisher":"https:\/\/www.facebook.com\/profile.php?id=100084555974734","article_modified_time":"2025-05-05T15:50:40+00:00","twitter_card":"summary_large_image","twitter_misc":{"Dur\u00e9e de lecture estim\u00e9e":"1 minute"},"schema":{"@context":"https:\/\/schema.org","@graph":[{"@type":"WebPage","@id":"https:\/\/searchsolutions.ch\/kontakt\/","url":"https:\/\/searchsolutions.ch\/kontakt\/","name":"Contact - Searchsolutions","isPartOf":{"@id":"https:\/\/searchsolutions.ch\/#website"},"datePublished":"2022-09-11T13:45:39+00:00","dateModified":"2025-05-05T15:50:40+00:00","description":"N'h\u00e9sitez pas \u00e0 nous contacter pour une pr\u00e9sentation, un rendez-vous ou pour toute question. Nous serions ravis de faire votre connaissance.","breadcrumb":{"@id":"https:\/\/searchsolutions.ch\/kontakt\/#breadcrumb"},"inLanguage":"fr-FR","potentialAction":[{"@type":"ReadAction","target":["https:\/\/searchsolutions.ch\/kontakt\/"]}]},{"@type":"BreadcrumbList","@id":"https:\/\/searchsolutions.ch\/kontakt\/#breadcrumb","itemListElement":[{"@type":"ListItem","position":1,"name":"Home","item":"https:\/\/searchsolutions.ch\/"},{"@type":"ListItem","position":2,"name":"Kontakt"}]},{"@type":"WebSite","@id":"https:\/\/searchsolutions.ch\/#website","url":"https:\/\/searchsolutions.ch\/","name":"Searchsolutions","description":"Vous garantit une pr\u00e9sence optimale sur Google !","publisher":{"@id":"https:\/\/searchsolutions.ch\/#organization"},"potentialAction":[{"@type":"SearchAction","target":{"@type":"EntryPoint","urlTemplate":"https:\/\/searchsolutions.ch\/?s={search_term_string}"},"query-input":{"@type":"PropertyValueSpecification","valueRequired":true,"valueName":"search_term_string"}}],"inLanguage":"fr-FR"},{"@type":"Organization","@id":"https:\/\/searchsolutions.ch\/#organization","name":"Searchsolutions","url":"https:\/\/searchsolutions.ch\/","logo":{"@type":"ImageObject","inLanguage":"fr-FR","@id":"https:\/\/searchsolutions.ch\/#\/schema\/logo\/image\/","url":"https:\/\/searchsolutions.ch\/wp-content\/uploads\/2022\/09\/Logo.png","contentUrl":"https:\/\/searchsolutions.ch\/wp-content\/uploads\/2022\/09\/Logo.png","width":4167,"height":4167,"caption":"Searchsolutions"},"image":{"@id":"https:\/\/searchsolutions.ch\/#\/schema\/logo\/image\/"},"sameAs":["https:\/\/www.facebook.com\/profile.php?id=100084555974734","https:\/\/www.instagram.com\/searchsolutions.ch\/"]}]}},"_links":{"self":[{"href":"https:\/\/searchsolutions.ch\/fr\/wp-json\/wp\/v2\/pages\/7280","targetHints":{"allow":["GET"]}}],"collection":[{"href":"https:\/\/searchsolutions.ch\/fr\/wp-json\/wp\/v2\/pages"}],"about":[{"href":"https:\/\/searchsolutions.ch\/fr\/wp-json\/wp\/v2\/types\/page"}],"author":[{"embeddable":true,"href":"https:\/\/searchsolutions.ch\/fr\/wp-json\/wp\/v2\/users\/1"}],"replies":[{"embeddable":true,"href":"https:\/\/searchsolutions.ch\/fr\/wp-json\/wp\/v2\/comments?post=7280"}],"version-history":[{"count":7,"href":"https:\/\/searchsolutions.ch\/fr\/wp-json\/wp\/v2\/pages\/7280\/revisions"}],"predecessor-version":[{"id":8008,"href":"https:\/\/searchsolutions.ch\/fr\/wp-json\/wp\/v2\/pages\/7280\/revisions\/8008"}],"wp:attachment":[{"href":"https:\/\/searchsolutions.ch\/fr\/wp-json\/wp\/v2\/media?parent=7280"}],"curies":[{"name":"wp","href":"https:\/\/api.w.org\/{rel}","templated":true}]}}